{"id":293,"date":"2017-05-18T16:30:12","date_gmt":"2017-05-18T16:30:12","guid":{"rendered":"http:\/\/193.146.116.74\/?page_id=293"},"modified":"2026-04-29T07:49:43","modified_gmt":"2026-04-29T07:49:43","slug":"program-committee","status":"publish","type":"page","link":"https:\/\/mycojaca26.bifi.es\/home\/program-committee\/","title":{"rendered":"Organization"},"content":{"rendered":"<ul>\n  <li><span style=\"font-size: 11pt;\"><strong style=\"color: #ff6600;\">Dr. Esther Juli\u00e1n G\u00f3mez<\/strong>, Departament Gen\u00e8tica i Microbiologia. Facultat de Bioci\u00e8ncies. <a class=\"gsc_prf_ila\" href=\"https:\/\/scholar.google.com\/citations?view_op=view_org&#038;hl=es&#038;org=2869670878025423233\">Universitat Aut\u00f2noma de Barcelona<\/a> (UAB).<\/span><\/li>\n  <li><span style=\"font-size: 11pt;\"><strong style=\"color: #ff6600;\">Dr. Ainhoa Arbu\u00e9s Arribas<\/strong>, Departamento de Microbiolog\u00eda, Pediatr\u00eda, Radiolog\u00eda y Salud P\u00fablica, Facultad de Medicina, Universidad de Zaragoza \/ Instituto de Investigaci\u00f3n Sanitaria Aragon (IIS Aragon) \/ Centro de Investigaci\u00f3n Biom\u00e9dica en Red en enfermedades respiratorias en red (CIBER-RES).<\/span><\/li>\n  <li><span style=\"font-size: 11pt;\"><strong style=\"color: #ff6600;\">Dr. Ainhoa Luc\u00eda Quintana<\/strong>, Departamento de Microbiolog\u00eda, Pediatr\u00eda, Radiolog\u00eda y Salud P\u00fablica, Facultad de Medicina, Universidad de Zaragoza \/ Instituto de Investigaci\u00f3n Sanitaria Aragon (IIS Aragon) \/ Centro de Investigaci\u00f3n Biom\u00e9dica en Red en enfermedades respiratorias en red (CIBER-RES).<\/span><\/li>\n  <li><span style=\"font-size: 11pt;\"><strong style=\"color: #ff6600;\">Dr. Ignacio Aguil\u00f3 Anento<\/strong>, Departamento de Microbiolog\u00eda, Pediatr\u00eda, Radiolog\u00eda y Salud P\u00fablica, Facultad de Medicina, Universidad de Zaragoza \/ Instituto de Investigaci\u00f3n Sanitaria Aragon (IIS Aragon) \/ Centro de Investigaci\u00f3n Biom\u00e9dica en Red en enfermedades respiratorias en red (CIBER-RES).<\/span><\/li>\n  <li><span style=\"font-size: 11pt;\"><strong style=\"color: #ff6600;\">Dr. Jes\u00fas Gonzalo Asensio<\/strong>, Departamento de Microbiolog\u00eda, Pediatr\u00eda, Radiolog\u00eda y Salud P\u00fablica, Facultad de Medicina, Universidad de Zaragoza \/ Instituto de Investigaci\u00f3n Sanitaria Aragon (IIS Aragon) \/ Centro de Investigaci\u00f3n Biom\u00e9dica en Red en enfermedades respiratorias en red (CIBER-RES).<\/span><\/li>\n  <li><span style=\"font-size: 11pt;\"><strong style=\"color: #ff6600;\">Dr. Jos\u00e9 Antonio A\u00ednsa Claver<\/strong>, Departamento de Microbiolog\u00eda, Pediatr\u00eda, Radiolog\u00eda y Salud P\u00fablica, Facultad de Medicina, Universidad de Zaragoza \/ Instituto de Investigaci\u00f3n Sanitaria Aragon (IIS Aragon) \/ Centro de Investigaci\u00f3n Biom\u00e9dica en Red en enfermedades respiratorias en red (CIBER-RES).<\/span><\/li>\n  <li><span style=\"font-size: 11pt;\"><strong style=\"color: #ff6600;\">Dr. Joaqu\u00edn Sanz Rem\u00f3n<\/strong>, Department of Theoretical Physics \/ Institute for Biocomputation and Physics of Complex Systems (BIFI), University of Zaragoza, Zaragoza.<\/span><\/li>\n  <li><span style=\"font-size: 11pt;\"><strong style=\"color: #ff6600;\">Dr. Sof\u00eda Samper Blasco<\/strong>, Departamento de Microbiolog\u00eda, Pediatr\u00eda, Radiolog\u00eda y Salud P\u00fablica, Facultad de Medicina, Universidad de Zaragoza \/ Instituto de Investigaci\u00f3n Sanitaria Aragon (IIS Aragon) \/ Centro de Investigaci\u00f3n Biom\u00e9dica en Red en enfermedades respiratorias en red (CIBER-RES) \/ Instituto Aragon\u00e9s de Ciencias de la Salud (IACS).<\/span><\/li>\n<\/ul>\n\n<p><span style=\"font-size: 15pt; color: #ff6600;\"><b>SPONSORS<\/b><\/span><\/p>\n<p>\n  <a href=\"http:\/\/certest.es\" target=\"_blank\" rel=\"noopener\"><img loading=\"lazy\" decoding=\"async\" class=\"alignnone wp-image-2101\" src=\"https:\/\/mycojaca26.bifi.es\/wp-content\/uploads\/2024\/12\/Certest_Logo_Azul.jpg\" alt=\"Certest Biotec\" width=\"256\" height=\"60\" srcset=\"https:\/\/mycojaca26.bifi.es\/wp-content\/uploads\/2024\/12\/Certest_Logo_Azul.jpg 2370w, https:\/\/mycojaca26.bifi.es\/wp-content\/uploads\/2024\/12\/Certest_Logo_Azul-300x70.jpg 300w, https:\/\/mycojaca26.bifi.es\/wp-content\/uploads\/2024\/12\/Certest_Logo_Azul-1024x240.jpg 1024w, https:\/\/mycojaca26.bifi.es\/wp-content\/uploads\/2024\/12\/Certest_Logo_Azul-768x180.jpg 768w, https:\/\/mycojaca26.bifi.es\/wp-content\/uploads\/2024\/12\/Certest_Logo_Azul-1536x360.jpg 1536w, https:\/\/mycojaca26.bifi.es\/wp-content\/uploads\/2024\/12\/Certest_Logo_Azul-2048x480.jpg 2048w\" sizes=\"auto, (max-width: 256px) 100vw, 256px\" \/><\/a>\n  &nbsp;&nbsp;&nbsp;\n  <a href=\"https:\/\/www.araid.es\/es\" target=\"_blank\" rel=\"noopener\"><img decoding=\"async\" src=\"https:\/\/mycojaca26.bifi.es\/wp-content\/uploads\/2026\/04\/Screenshot-2026-04-28-at-20.22.15.png\" alt=\"ARAID\" height=\"60\" \/><\/a>","protected":false},"excerpt":{"rendered":"<p>Dr. Esther Juli\u00e1n G\u00f3mez, Departament Gen\u00e8tica i Microbiologia. Facultat de Bioci\u00e8ncies. Universitat Aut\u00f2noma de Barcelona (UAB). Dr. Ainhoa Arbu\u00e9s Arribas, Departamento de Microbiolog\u00eda, Pediatr\u00eda, Radiolog\u00eda y Salud P\u00fablica, Facultad de Medicina, Universidad de Zaragoza \/ Instituto de Investigaci\u00f3n Sanitaria Aragon (IIS Aragon) \/ Centro de Investigaci\u00f3n Biom\u00e9dica en Red en enfermedades respiratorias en red (CIBER-RES). [&hellip;]<\/p>\n","protected":false},"author":2,"featured_media":0,"parent":0,"menu_order":6,"comment_status":"closed","ping_status":"closed","template":"","meta":{"footnotes":""},"class_list":["post-293","page","type-page","status-publish","hentry"],"_links":{"self":[{"href":"https:\/\/mycojaca26.bifi.es\/home\/wp-json\/wp\/v2\/pages\/293","targetHints":{"allow":["GET"]}}],"collection":[{"href":"https:\/\/mycojaca26.bifi.es\/home\/wp-json\/wp\/v2\/pages"}],"about":[{"href":"https:\/\/mycojaca26.bifi.es\/home\/wp-json\/wp\/v2\/types\/page"}],"author":[{"embeddable":true,"href":"https:\/\/mycojaca26.bifi.es\/home\/wp-json\/wp\/v2\/users\/2"}],"replies":[{"embeddable":true,"href":"https:\/\/mycojaca26.bifi.es\/home\/wp-json\/wp\/v2\/comments?post=293"}],"version-history":[{"count":6,"href":"https:\/\/mycojaca26.bifi.es\/home\/wp-json\/wp\/v2\/pages\/293\/revisions"}],"predecessor-version":[{"id":2220,"href":"https:\/\/mycojaca26.bifi.es\/home\/wp-json\/wp\/v2\/pages\/293\/revisions\/2220"}],"wp:attachment":[{"href":"https:\/\/mycojaca26.bifi.es\/home\/wp-json\/wp\/v2\/media?parent=293"}],"curies":[{"name":"wp","href":"https:\/\/api.w.org\/{rel}","templated":true}]}}